{"id":1858,"date":"2021-05-22T22:30:10","date_gmt":"2021-05-22T19:30:10","guid":{"rendered":"https:\/\/tahaozel.com\/?page_id=1858"},"modified":"2026-05-05T09:28:52","modified_gmt":"2026-05-05T06:28:52","slug":"about-me","status":"publish","type":"page","link":"https:\/\/tahaozel.com\/en\/about-me\/","title":{"rendered":"About Me"},"content":{"rendered":"<div class=\"wp-block-image is-style-rounded\">\n<figure class=\"alignleft is-resized\"><img title=\"About Me \"decoding=\"async\" src=\"http:\/\/tahaozel.com\/wp-content\/uploads\/2021\/05\/makine-muhendisi-taha-ozel-2.jpeg\" alt=\"About Me \" width=\"138\" height=\"138\" \/><\/figure>\n<\/div>\n<p>Taha \u00d6ZEL &#8211; 1991 Ankara do\u011fumluyum. Ankara&#8217;da ailem ile birlikte ya\u015famaya ve \u00e7al\u0131\u015fmaya devam ediyorum. Makine M\u00fchendisli\u011fi&#8217;ni b\u00fcy\u00fck bir tutku ile icra etmeye \u00e7al\u0131\u015f\u0131yorum. Bu web sayfas\u0131n\u0131 bug\u00fcne kadar edindi\u011fim bilgileri sizlerle payla\u015fmak ve Makine M\u00fchendisli\u011fi alan\u0131nda g\u00fczel bir T\u00fcrk\u00e7e kaynak olu\u015fturmak ad\u0131na a\u00e7t\u0131m. Sekt\u00f6re ve meslekta\u015flar\u0131ma ufak da olsa bir faydam dokunabilirse ne mutlu bana.<\/p>\n\n<p>Linkedin profilimden benim hakk\u0131mda daha fazla bilgiye ula\u015fabilir ve benimle daha kolay ileti\u015fim kurabilirsiniz. <\/p>\n\n<p><a href=\"https:\/\/tr.linkedin.com\/in\/tahaozel\" rel=\"nofollow noopener\" target=\"_blank\">https:\/\/tr.linkedin.com\/in\/tahaozel<\/a><\/p>\n","protected":false},"excerpt":{"rendered":"<p>Taha \u00d6ZEL &#8211; 1991 Ankara do\u011fumluyum. Ankara&#8217;da ailem ile birlikte ya\u015famaya ve \u00e7al\u0131\u015fmaya devam ediyorum. Makine M\u00fchendisli\u011fi&#8217;ni b\u00fcy\u00fck bir tutku ile icra etmeye \u00e7al\u0131\u015f\u0131yorum. Bu web sayfas\u0131n\u0131 bug\u00fcne kadar edindi\u011fim bilgileri sizlerle payla\u015fmak ve Makine M\u00fchendisli\u011fi alan\u0131nda g\u00fczel bir T\u00fcrk\u00e7e kaynak olu\u015fturmak ad\u0131na a\u00e7t\u0131m. Sekt\u00f6re ve meslekta\u015flar\u0131ma ufak da olsa bir faydam dokunabilirse ne mutlu&#8230;<\/p>\n","protected":false},"author":1,"featured_media":0,"parent":0,"menu_order":0,"comment_status":"closed","ping_status":"closed","template":"","meta":{"_kad_blocks_custom_css":"","_kad_blocks_head_custom_js":"","_kad_blocks_body_custom_js":"","_kad_blocks_footer_custom_js":"","_kad_post_transparent":"","_kad_post_title":"","_kad_post_layout":"","_kad_post_sidebar_id":"","_kad_post_content_style":"","_kad_post_vertical_padding":"","_kad_post_feature":"","_kad_post_feature_position":"","_kad_post_header":false,"_kad_post_footer":false,"_kad_post_classname":"","footnotes":""},"class_list":["post-1858","page","type-page","status-publish","hentry"],"taxonomy_info":[],"featured_image_src_large":false,"author_info":{"display_name":"Taha \u00d6ZEL","author_link":"https:\/\/tahaozel.com\/en\/yazarlar\/tahaozel\/"},"comment_info":0,"_links":{"self":[{"href":"https:\/\/tahaozel.com\/en\/wp-json\/wp\/v2\/pages\/1858","targetHints":{"allow":["GET"]}}],"collection":[{"href":"https:\/\/tahaozel.com\/en\/wp-json\/wp\/v2\/pages"}],"about":[{"href":"https:\/\/tahaozel.com\/en\/wp-json\/wp\/v2\/types\/page"}],"author":[{"embeddable":true,"href":"https:\/\/tahaozel.com\/en\/wp-json\/wp\/v2\/users\/1"}],"replies":[{"embeddable":true,"href":"https:\/\/tahaozel.com\/en\/wp-json\/wp\/v2\/comments?post=1858"}],"version-history":[{"count":1,"href":"https:\/\/tahaozel.com\/en\/wp-json\/wp\/v2\/pages\/1858\/revisions"}],"predecessor-version":[{"id":2892,"href":"https:\/\/tahaozel.com\/en\/wp-json\/wp\/v2\/pages\/1858\/revisions\/2892"}],"wp:attachment":[{"href":"https:\/\/tahaozel.com\/en\/wp-json\/wp\/v2\/media?parent=1858"}],"curies":[{"name":"wp","href":"https:\/\/api.w.org\/{rel}","templated":true}]}}